{"id":1282,"date":"2024-10-27T13:48:15","date_gmt":"2024-10-27T13:48:15","guid":{"rendered":"https:\/\/ninecasinobet.com\/kontakt\/"},"modified":"2025-08-11T10:55:44","modified_gmt":"2025-08-11T09:55:44","slug":"kontakt","status":"publish","type":"page","link":"https:\/\/ninecasinobet.com\/pt-pt\/kontakt\/","title":{"rendered":"Contacto"},"content":{"rendered":"<h1>Contactar-nos<\/h1>\n<p class=\"wpcf7-contact-form-not-found\"><strong>Error:<\/strong> Contact form not found.<\/p>\n","protected":false},"excerpt":{"rendered":"<p>Contactar-nos<\/p>\n","protected":false},"author":1,"featured_media":0,"parent":0,"menu_order":0,"comment_status":"closed","ping_status":"closed","template":"template-builder.php","meta":{"_acf_changed":false,"inline_featured_image":false,"footnotes":""},"class_list":["post-1282","page","type-page","status-publish","hentry"],"acf":[],"yoast_head":"<!-- This site is optimized with the Yoast SEO plugin v27.3 - https:\/\/yoast.com\/product\/yoast-seo-wordpress\/ -->\n<title>Detalhes de contacto do Nine Casino | Fale connosco<\/title>\n<meta name=\"description\" content=\"Contacte-nos para quaisquer quest\u00f5es ou assist\u00eancia. Preencha o formul\u00e1rio e a nossa equipa de apoio entrar\u00e1 em contacto consigo de imediato para resolver as suas quest\u00f5es.\" \/>\n<meta name=\"robots\" content=\"index, follow, max-snippet:-1, max-image-preview:large, max-video-preview:-1\" \/>\n<link rel=\"canonical\" href=\"https:\/\/ninecasinobet.com\/pt-pt\/kontakt\/\" \/>\n<meta property=\"og:locale\" content=\"pt_PT\" \/>\n<meta property=\"og:type\" content=\"article\" \/>\n<meta property=\"og:title\" content=\"Detalhes de contacto do Nine Casino | Fale connosco\" \/>\n<meta property=\"og:description\" content=\"Contacte-nos para quaisquer quest\u00f5es ou assist\u00eancia. Preencha o formul\u00e1rio e a nossa equipa de apoio entrar\u00e1 em contacto consigo de imediato para resolver as suas quest\u00f5es.\" \/>\n<meta property=\"og:url\" content=\"https:\/\/ninecasinobet.com\/pt-pt\/kontakt\/\" \/>\n<meta property=\"og:site_name\" content=\"ninecasinobet\" \/>\n<meta property=\"article:modified_time\" content=\"2025-08-11T09:55:44+00:00\" \/>\n<meta name=\"twitter:card\" content=\"summary_large_image\" \/>\n<meta name=\"twitter:label1\" content=\"Est. reading time\" \/>\n\t<meta name=\"twitter:data1\" content=\"1 minute\" \/>\n<script type=\"application\/ld+json\" class=\"yoast-schema-graph\">{\"@context\":\"https:\\\/\\\/schema.org\",\"@graph\":[{\"@type\":\"WebPage\",\"@id\":\"https:\\\/\\\/ninecasinobet.com\\\/pt-pt\\\/kontakt\\\/\",\"url\":\"https:\\\/\\\/ninecasinobet.com\\\/pt-pt\\\/kontakt\\\/\",\"name\":\"Detalhes de contacto do Nine Casino | Fale connosco\",\"isPartOf\":{\"@id\":\"https:\\\/\\\/ninecasinobet.com\\\/pt-pt\\\/#website\"},\"datePublished\":\"2024-10-27T13:48:15+00:00\",\"dateModified\":\"2025-08-11T09:55:44+00:00\",\"description\":\"Contacte-nos para quaisquer quest\u00f5es ou assist\u00eancia. Preencha o formul\u00e1rio e a nossa equipa de apoio entrar\u00e1 em contacto consigo de imediato para resolver as suas quest\u00f5es.\",\"breadcrumb\":{\"@id\":\"https:\\\/\\\/ninecasinobet.com\\\/pt-pt\\\/kontakt\\\/#breadcrumb\"},\"inLanguage\":\"pt-PT\",\"potentialAction\":[{\"@type\":\"ReadAction\",\"target\":[\"https:\\\/\\\/ninecasinobet.com\\\/pt-pt\\\/kontakt\\\/\"]}]},{\"@type\":\"BreadcrumbList\",\"@id\":\"https:\\\/\\\/ninecasinobet.com\\\/pt-pt\\\/kontakt\\\/#breadcrumb\",\"itemListElement\":[{\"@type\":\"ListItem\",\"position\":1,\"name\":\"Ninecasino\",\"item\":\"https:\\\/\\\/ninecasinobet.com\\\/pt-pt\\\/\"},{\"@type\":\"ListItem\",\"position\":2,\"name\":\"Contacto\"}]},{\"@type\":\"WebSite\",\"@id\":\"https:\\\/\\\/ninecasinobet.com\\\/pt-pt\\\/#website\",\"url\":\"https:\\\/\\\/ninecasinobet.com\\\/pt-pt\\\/\",\"name\":\"Ninecasino\",\"description\":\"\",\"publisher\":{\"@id\":\"https:\\\/\\\/ninecasinobet.com\\\/pt-pt\\\/#organization\"},\"potentialAction\":[{\"@type\":\"SearchAction\",\"target\":{\"@type\":\"EntryPoint\",\"urlTemplate\":\"https:\\\/\\\/ninecasinobet.com\\\/pt-pt\\\/?s={search_term_string}\"},\"query-input\":{\"@type\":\"PropertyValueSpecification\",\"valueRequired\":true,\"valueName\":\"search_term_string\"}}],\"inLanguage\":\"pt-PT\"},{\"@type\":\"Organization\",\"@id\":\"https:\\\/\\\/ninecasinobet.com\\\/pt-pt\\\/#organization\",\"name\":\"Ninecasino\",\"url\":\"https:\\\/\\\/ninecasinobet.com\\\/pt-pt\\\/\",\"logo\":{\"@type\":\"ImageObject\",\"inLanguage\":\"pt-PT\",\"@id\":\"https:\\\/\\\/ninecasinobet.com\\\/pt-pt\\\/#\\\/schema\\\/logo\\\/image\\\/\",\"url\":\"https:\\\/\\\/ninecasinobet.com\\\/wp-content\\\/uploads\\\/2025\\\/09\\\/iJd4pOLi7nzf21IOG3NA.svg\",\"contentUrl\":\"https:\\\/\\\/ninecasinobet.com\\\/wp-content\\\/uploads\\\/2025\\\/09\\\/iJd4pOLi7nzf21IOG3NA.svg\",\"width\":135,\"height\":34,\"caption\":\"Ninecasino\"},\"image\":{\"@id\":\"https:\\\/\\\/ninecasinobet.com\\\/pt-pt\\\/#\\\/schema\\\/logo\\\/image\\\/\"}}]}<\/script>\n<!-- \/ Yoast SEO plugin. -->","yoast_head_json":{"title":"Detalhes de contacto do Nine Casino | Fale connosco","description":"Contacte-nos para quaisquer quest\u00f5es ou assist\u00eancia. Preencha o formul\u00e1rio e a nossa equipa de apoio entrar\u00e1 em contacto consigo de imediato para resolver as suas quest\u00f5es.","robots":{"index":"index","follow":"follow","max-snippet":"max-snippet:-1","max-image-preview":"max-image-preview:large","max-video-preview":"max-video-preview:-1"},"canonical":"https:\/\/ninecasinobet.com\/pt-pt\/kontakt\/","og_locale":"pt_PT","og_type":"article","og_title":"Detalhes de contacto do Nine Casino | Fale connosco","og_description":"Contacte-nos para quaisquer quest\u00f5es ou assist\u00eancia. Preencha o formul\u00e1rio e a nossa equipa de apoio entrar\u00e1 em contacto consigo de imediato para resolver as suas quest\u00f5es.","og_url":"https:\/\/ninecasinobet.com\/pt-pt\/kontakt\/","og_site_name":"ninecasinobet","article_modified_time":"2025-08-11T09:55:44+00:00","twitter_card":"summary_large_image","twitter_misc":{"Est. reading time":"1 minute"},"schema":{"@context":"https:\/\/schema.org","@graph":[{"@type":"WebPage","@id":"https:\/\/ninecasinobet.com\/pt-pt\/kontakt\/","url":"https:\/\/ninecasinobet.com\/pt-pt\/kontakt\/","name":"Detalhes de contacto do Nine Casino | Fale connosco","isPartOf":{"@id":"https:\/\/ninecasinobet.com\/pt-pt\/#website"},"datePublished":"2024-10-27T13:48:15+00:00","dateModified":"2025-08-11T09:55:44+00:00","description":"Contacte-nos para quaisquer quest\u00f5es ou assist\u00eancia. Preencha o formul\u00e1rio e a nossa equipa de apoio entrar\u00e1 em contacto consigo de imediato para resolver as suas quest\u00f5es.","breadcrumb":{"@id":"https:\/\/ninecasinobet.com\/pt-pt\/kontakt\/#breadcrumb"},"inLanguage":"pt-PT","potentialAction":[{"@type":"ReadAction","target":["https:\/\/ninecasinobet.com\/pt-pt\/kontakt\/"]}]},{"@type":"BreadcrumbList","@id":"https:\/\/ninecasinobet.com\/pt-pt\/kontakt\/#breadcrumb","itemListElement":[{"@type":"ListItem","position":1,"name":"Ninecasino","item":"https:\/\/ninecasinobet.com\/pt-pt\/"},{"@type":"ListItem","position":2,"name":"Contacto"}]},{"@type":"WebSite","@id":"https:\/\/ninecasinobet.com\/pt-pt\/#website","url":"https:\/\/ninecasinobet.com\/pt-pt\/","name":"Ninecasino","description":"","publisher":{"@id":"https:\/\/ninecasinobet.com\/pt-pt\/#organization"},"potentialAction":[{"@type":"SearchAction","target":{"@type":"EntryPoint","urlTemplate":"https:\/\/ninecasinobet.com\/pt-pt\/?s={search_term_string}"},"query-input":{"@type":"PropertyValueSpecification","valueRequired":true,"valueName":"search_term_string"}}],"inLanguage":"pt-PT"},{"@type":"Organization","@id":"https:\/\/ninecasinobet.com\/pt-pt\/#organization","name":"Ninecasino","url":"https:\/\/ninecasinobet.com\/pt-pt\/","logo":{"@type":"ImageObject","inLanguage":"pt-PT","@id":"https:\/\/ninecasinobet.com\/pt-pt\/#\/schema\/logo\/image\/","url":"https:\/\/ninecasinobet.com\/wp-content\/uploads\/2025\/09\/iJd4pOLi7nzf21IOG3NA.svg","contentUrl":"https:\/\/ninecasinobet.com\/wp-content\/uploads\/2025\/09\/iJd4pOLi7nzf21IOG3NA.svg","width":135,"height":34,"caption":"Ninecasino"},"image":{"@id":"https:\/\/ninecasinobet.com\/pt-pt\/#\/schema\/logo\/image\/"}}]}},"_links":{"self":[{"href":"https:\/\/ninecasinobet.com\/pt-pt\/wp-json\/wp\/v2\/pages\/1282","targetHints":{"allow":["GET"]}}],"collection":[{"href":"https:\/\/ninecasinobet.com\/pt-pt\/wp-json\/wp\/v2\/pages"}],"about":[{"href":"https:\/\/ninecasinobet.com\/pt-pt\/wp-json\/wp\/v2\/types\/page"}],"author":[{"embeddable":true,"href":"https:\/\/ninecasinobet.com\/pt-pt\/wp-json\/wp\/v2\/users\/1"}],"replies":[{"embeddable":true,"href":"https:\/\/ninecasinobet.com\/pt-pt\/wp-json\/wp\/v2\/comments?post=1282"}],"version-history":[{"count":1,"href":"https:\/\/ninecasinobet.com\/pt-pt\/wp-json\/wp\/v2\/pages\/1282\/revisions"}],"predecessor-version":[{"id":1293,"href":"https:\/\/ninecasinobet.com\/pt-pt\/wp-json\/wp\/v2\/pages\/1282\/revisions\/1293"}],"wp:attachment":[{"href":"https:\/\/ninecasinobet.com\/pt-pt\/wp-json\/wp\/v2\/media?parent=1282"}],"curies":[{"name":"wp","href":"https:\/\/api.w.org\/{rel}","templated":true}]}}